{"id":6490,"date":"2023-05-23T13:53:38","date_gmt":"2023-05-23T11:53:38","guid":{"rendered":"https:\/\/www.wenger-basel.ch\/caisses-mobiles-welab\/"},"modified":"2023-09-20T08:17:44","modified_gmt":"2023-09-20T06:17:44","slug":"caisses-mobiles-welab","status":"publish","type":"page","link":"https:\/\/www.wenger-basel.ch\/fr\/vous-etes\/secteur-public\/caisses-mobiles-welab\/","title":{"rendered":"Caisses mobiles WELAB"},"content":{"rendered":"[vc_row type=&#8221;in_container&#8221; full_screen_row_position=&#8221;middle&#8221; column_margin=&#8221;default&#8221; column_direction=&#8221;default&#8221; column_direction_tablet=&#8221;default&#8221; column_direction_phone=&#8221;default&#8221; scene_position=&#8221;center&#8221; text_color=&#8221;dark&#8221; text_align=&#8221;left&#8221; row_border_radius=&#8221;none&#8221; row_border_radius_applies=&#8221;bg&#8221; overflow=&#8221;visible&#8221; overlay_strength=&#8221;0.3&#8243; gradient_direction=&#8221;left_to_right&#8221; shape_divider_position=&#8221;bottom&#8221; bg_image_animation=&#8221;none&#8221;][vc_column column_padding=&#8221;no-extra-padding&#8221; column_padding_tablet=&#8221;inherit&#8221; column_padding_phone=&#8221;inherit&#8221; column_padding_position=&#8221;all&#8221; column_element_direction_desktop=&#8221;default&#8221; column_element_spacing=&#8221;default&#8221; desktop_text_alignment=&#8221;default&#8221; tablet_text_alignment=&#8221;default&#8221; phone_text_alignment=&#8221;default&#8221; background_color_opacity=&#8221;1&#8243; background_hover_color_opacity=&#8221;1&#8243; column_backdrop_filter=&#8221;none&#8221; column_shadow=&#8221;none&#8221; column_border_radius=&#8221;none&#8221; column_link_target=&#8221;_self&#8221; column_position=&#8221;default&#8221; gradient_direction=&#8221;left_to_right&#8221; overlay_strength=&#8221;0.3&#8243; width=&#8221;1\/1&#8243; tablet_width_inherit=&#8221;default&#8221; animation_type=&#8221;default&#8221; bg_image_animation=&#8221;none&#8221; border_type=&#8221;simple&#8221; column_border_width=&#8221;none&#8221; column_border_style=&#8221;solid&#8221;][vc_column_text]\n<h1>Caisses mobiles WELAB<\/h1>\n[\/vc_column_text][\/vc_column][\/vc_row][vc_row type=&#8221;in_container&#8221; full_screen_row_position=&#8221;middle&#8221; column_margin=&#8221;default&#8221; column_direction=&#8221;default&#8221; column_direction_tablet=&#8221;default&#8221; column_direction_phone=&#8221;default&#8221; scene_position=&#8221;center&#8221; text_color=&#8221;dark&#8221; text_align=&#8221;left&#8221; row_border_radius=&#8221;none&#8221; row_border_radius_applies=&#8221;bg&#8221; overflow=&#8221;visible&#8221; overlay_strength=&#8221;0.3&#8243; gradient_direction=&#8221;left_to_right&#8221; shape_divider_position=&#8221;bottom&#8221; bg_image_animation=&#8221;none&#8221;][vc_column column_padding=&#8221;no-extra-padding&#8221; column_padding_tablet=&#8221;inherit&#8221; column_padding_phone=&#8221;inherit&#8221; column_padding_position=&#8221;all&#8221; column_element_direction_desktop=&#8221;default&#8221; column_element_spacing=&#8221;default&#8221; desktop_text_alignment=&#8221;default&#8221; tablet_text_alignment=&#8221;default&#8221; phone_text_alignment=&#8221;default&#8221; background_color_opacity=&#8221;1&#8243; background_hover_color_opacity=&#8221;1&#8243; column_backdrop_filter=&#8221;none&#8221; column_shadow=&#8221;none&#8221; column_border_radius=&#8221;none&#8221; column_link_target=&#8221;_self&#8221; column_position=&#8221;default&#8221; gradient_direction=&#8221;left_to_right&#8221; overlay_strength=&#8221;0.3&#8243; width=&#8221;1\/1&#8243; tablet_width_inherit=&#8221;default&#8221; animation_type=&#8221;default&#8221; bg_image_animation=&#8221;none&#8221; border_type=&#8221;simple&#8221; column_border_width=&#8221;none&#8221; column_border_style=&#8221;solid&#8221;][vc_column_text]\n<h2><strong>Caisses mobiles Wenger WELAB<\/strong><\/h2>\n<p>En Suisse, outre la construction de v\u00e9hicules de pompiers de petite et moyenne taille, nous nous sommes fait un <strong>nom avec les superstructures interchangeables (WELAB)<\/strong>.<\/p>\n<p>Les conteneurs interchangeables Wenger sont <strong>des fabrications enti\u00e8rement nouvelles bas\u00e9es sur vos besoins individuels<\/strong>. Il n&#8217;y a pas de limites \u00e0 l&#8217;am\u00e9nagement int\u00e9rieur. Qu&#8217;il s&#8217;agisse d&#8217;une utilisation <strong>pour la police, la protection civile, les pompiers<\/strong>, etc. &#8211; nous r\u00e9alisons volontiers le conteneur interchangeable qui vous convient, afin que vous puissiez accomplir <strong>vos t\u00e2ches de mani\u00e8re optimale<\/strong>.<\/p>\n<h2><strong>Centrale d&#8217;intervention mobile ou entrep\u00f4t de mat\u00e9riel mobile<\/strong><\/h2>\n<p>Lors d&#8217;un entretien personnel, vos <strong>besoins<\/strong> sont <strong>\u00e9valu\u00e9s avec pr\u00e9cision<\/strong> et le <strong>projet WELAB est con\u00e7u en cons\u00e9quence<\/strong>. <strong>Nous construisons votre conteneur<\/strong> sur la base d&#8217;un <strong>plan de construction structur\u00e9<\/strong>. Outre <strong>les centrales d&#8217;intervention mobiles avec am\u00e9nagement de bureaux et syst\u00e8mes de rayonnages<\/strong>, nous r\u00e9alisons <strong>des conteneurs interchangeables<\/strong> que vous pouvez utiliser comme <strong>entrep\u00f4t mobile de mat\u00e9riel<\/strong>. Les deux variantes sont construites de mani\u00e8re \u00e0 ce que vous puissiez <strong>effectuer vos travaux facilement<\/strong>. Nous mettons l&#8217;<strong>accent sur la fonctionnalit\u00e9, le gain de place et la qualit\u00e9.<\/strong>[\/vc_column_text][\/vc_column][\/vc_row][vc_row type=&#8221;in_container&#8221; full_screen_row_position=&#8221;middle&#8221; column_margin=&#8221;default&#8221; column_direction=&#8221;default&#8221; column_direction_tablet=&#8221;default&#8221; column_direction_phone=&#8221;default&#8221; scene_position=&#8221;center&#8221; top_padding=&#8221;50&#8243; text_color=&#8221;dark&#8221; text_align=&#8221;left&#8221; row_border_radius=&#8221;none&#8221; row_border_radius_applies=&#8221;bg&#8221; overflow=&#8221;visible&#8221; overlay_strength=&#8221;0.3&#8243; gradient_direction=&#8221;left_to_right&#8221; shape_divider_position=&#8221;bottom&#8221; bg_image_animation=&#8221;none&#8221; gradient_type=&#8221;default&#8221; shape_type=&#8221;&#8221;][vc_column column_padding=&#8221;no-extra-padding&#8221; column_padding_tablet=&#8221;inherit&#8221; column_padding_phone=&#8221;inherit&#8221; column_padding_position=&#8221;all&#8221; column_element_direction_desktop=&#8221;default&#8221; column_element_spacing=&#8221;default&#8221; desktop_text_alignment=&#8221;default&#8221; tablet_text_alignment=&#8221;default&#8221; phone_text_alignment=&#8221;default&#8221; background_color_opacity=&#8221;1&#8243; background_hover_color_opacity=&#8221;1&#8243; column_backdrop_filter=&#8221;none&#8221; column_shadow=&#8221;none&#8221; column_border_radius=&#8221;none&#8221; column_link_target=&#8221;_self&#8221; column_position=&#8221;default&#8221; gradient_direction=&#8221;left_to_right&#8221; overlay_strength=&#8221;0.3&#8243; width=&#8221;1\/1&#8243; tablet_width_inherit=&#8221;default&#8221; animation_type=&#8221;default&#8221; bg_image_animation=&#8221;none&#8221; border_type=&#8221;simple&#8221; column_border_width=&#8221;none&#8221; column_border_style=&#8221;solid&#8221;][vc_column_text]<div class=\"galerie_wrapper\"><div class=\"liste_medias\"><div class=\"thumbnail \">\r\n        <figure class=\"post-attachment mime-image-jpeg\">\r\n          <a href=\"https:\/\/www.wenger-basel.ch\/wp-content\/uploads\/2023\/05\/welab-5-800x533.jpg\" class=\"galery_link\" data-fancybox=\"group_6490\" title=\"Wechselaufbauten WELAB\">\r\n            <img decoding=\"async\" src=\"https:\/\/www.wenger-basel.ch\/wp-content\/uploads\/2023\/05\/welab-5-800x533.jpg\" alt=\"Wechselaufbauten WELAB\">\r\n          <\/a>\r\n        <\/figure>\r\n      <\/div><div class=\"thumbnail \">\r\n        <figure class=\"post-attachment mime-image-jpeg\">\r\n          <a href=\"https:\/\/www.wenger-basel.ch\/wp-content\/uploads\/2023\/05\/welab-8-1-800x533.jpg\" class=\"galery_link\" data-fancybox=\"group_6490\" title=\"Wechselaufbauten WELAB\">\r\n            <img decoding=\"async\" src=\"https:\/\/www.wenger-basel.ch\/wp-content\/uploads\/2023\/05\/welab-8-1-800x533.jpg\" alt=\"Wechselaufbauten WELAB\">\r\n          <\/a>\r\n        <\/figure>\r\n      <\/div><div class=\"thumbnail \">\r\n        <figure class=\"post-attachment mime-image-jpeg\">\r\n          <a href=\"https:\/\/www.wenger-basel.ch\/wp-content\/uploads\/2023\/05\/welab-1-800x533.jpg\" class=\"galery_link\" data-fancybox=\"group_6490\" title=\"Wechselaufbauten WELAB\">\r\n            <img decoding=\"async\" src=\"https:\/\/www.wenger-basel.ch\/wp-content\/uploads\/2023\/05\/welab-1-800x533.jpg\" alt=\"Wechselaufbauten WELAB\">\r\n          <\/a>\r\n        <\/figure>\r\n      <\/div><div class=\"thumbnail \">\r\n        <figure class=\"post-attachment mime-image-jpeg\">\r\n          <a href=\"https:\/\/www.wenger-basel.ch\/wp-content\/uploads\/2023\/05\/welab-7-800x533.jpg\" class=\"galery_link\" data-fancybox=\"group_6490\" title=\"Wechselaufbauten WELAB\">\r\n            <img decoding=\"async\" src=\"https:\/\/www.wenger-basel.ch\/wp-content\/uploads\/2023\/05\/welab-7-800x533.jpg\" alt=\"Wechselaufbauten WELAB\">\r\n          <\/a>\r\n        <\/figure>\r\n      <\/div><div class=\"thumbnail \">\r\n        <figure class=\"post-attachment mime-image-jpeg\">\r\n          <a href=\"https:\/\/www.wenger-basel.ch\/wp-content\/uploads\/2023\/05\/welab-3-800x533.jpg\" class=\"galery_link\" data-fancybox=\"group_6490\" title=\"Wechselaufbauten WELAB\">\r\n            <img decoding=\"async\" src=\"https:\/\/www.wenger-basel.ch\/wp-content\/uploads\/2023\/05\/welab-3-800x533.jpg\" alt=\"Wechselaufbauten WELAB\">\r\n          <\/a>\r\n        <\/figure>\r\n      <\/div><div class=\"thumbnail \">\r\n        <figure class=\"post-attachment mime-image-jpeg\">\r\n          <a href=\"https:\/\/www.wenger-basel.ch\/wp-content\/uploads\/2024\/04\/welab-innen-4-450x600.jpg\" class=\"galery_link\" data-fancybox=\"group_6490\" title=\"welab innen\">\r\n            <img decoding=\"async\" src=\"https:\/\/www.wenger-basel.ch\/wp-content\/uploads\/2024\/04\/welab-innen-4-450x600.jpg\" alt=\"welab innen\">\r\n          <\/a>\r\n        <\/figure>\r\n      <\/div><div class=\"thumbnail \">\r\n        <figure class=\"post-attachment mime-image-jpeg\">\r\n          <a href=\"https:\/\/www.wenger-basel.ch\/wp-content\/uploads\/2024\/04\/welab-innen-5-450x600.jpg\" class=\"galery_link\" data-fancybox=\"group_6490\" title=\"welab innen\">\r\n            <img decoding=\"async\" src=\"https:\/\/www.wenger-basel.ch\/wp-content\/uploads\/2024\/04\/welab-innen-5-450x600.jpg\" alt=\"welab innen\">\r\n          <\/a>\r\n        <\/figure>\r\n      <\/div><div class=\"thumbnail \">\r\n        <figure class=\"post-attachment mime-image-jpeg\">\r\n          <a href=\"https:\/\/www.wenger-basel.ch\/wp-content\/uploads\/2023\/05\/welab-9-800x533.jpg\" class=\"galery_link\" data-fancybox=\"group_6490\" title=\"Wechselaufbauten WELAB\">\r\n            <img decoding=\"async\" src=\"https:\/\/www.wenger-basel.ch\/wp-content\/uploads\/2023\/05\/welab-9-800x533.jpg\" alt=\"Wechselaufbauten WELAB\">\r\n          <\/a>\r\n        <\/figure>\r\n      <\/div><div class=\"thumbnail \">\r\n        <figure class=\"post-attachment mime-image-jpeg\">\r\n          <a href=\"https:\/\/www.wenger-basel.ch\/wp-content\/uploads\/2024\/04\/welab-innen-1-450x600.jpg\" class=\"galery_link\" data-fancybox=\"group_6490\" title=\"welab innen\">\r\n            <img decoding=\"async\" src=\"https:\/\/www.wenger-basel.ch\/wp-content\/uploads\/2024\/04\/welab-innen-1-450x600.jpg\" alt=\"welab innen\">\r\n          <\/a>\r\n        <\/figure>\r\n      <\/div><div class=\"thumbnail \">\r\n        <figure class=\"post-attachment mime-image-jpeg\">\r\n          <a href=\"https:\/\/www.wenger-basel.ch\/wp-content\/uploads\/2024\/04\/welab-innen-3-450x600.jpg\" class=\"galery_link\" data-fancybox=\"group_6490\" title=\"welab innen\">\r\n            <img decoding=\"async\" src=\"https:\/\/www.wenger-basel.ch\/wp-content\/uploads\/2024\/04\/welab-innen-3-450x600.jpg\" alt=\"welab innen\">\r\n          <\/a>\r\n        <\/figure>\r\n      <\/div><div class=\"thumbnail \">\r\n        <figure class=\"post-attachment mime-image-jpeg\">\r\n          <a href=\"https:\/\/www.wenger-basel.ch\/wp-content\/uploads\/2023\/05\/welab-4-800x533.jpg\" class=\"galery_link\" data-fancybox=\"group_6490\" title=\"Wechselaufbauten WELAB\">\r\n            <img decoding=\"async\" src=\"https:\/\/www.wenger-basel.ch\/wp-content\/uploads\/2023\/05\/welab-4-800x533.jpg\" alt=\"Wechselaufbauten WELAB\">\r\n          <\/a>\r\n        <\/figure>\r\n      <\/div><div class=\"thumbnail \">\r\n        <figure class=\"post-attachment mime-image-jpeg\">\r\n          <a href=\"https:\/\/www.wenger-basel.ch\/wp-content\/uploads\/2023\/05\/welab-2-800x533.jpg\" class=\"galery_link\" data-fancybox=\"group_6490\" title=\"Wechselaufbauten WELAB\">\r\n            <img decoding=\"async\" src=\"https:\/\/www.wenger-basel.ch\/wp-content\/uploads\/2023\/05\/welab-2-800x533.jpg\" alt=\"Wechselaufbauten WELAB\">\r\n          <\/a>\r\n        <\/figure>\r\n      <\/div><div class=\"thumbnail \">\r\n        <figure class=\"post-attachment mime-image-jpeg\">\r\n          <a href=\"https:\/\/www.wenger-basel.ch\/wp-content\/uploads\/2023\/05\/Feuerwehrfahrzeug-6-800x533.jpg\" class=\"galery_link\" data-fancybox=\"group_6490\" title=\"Feuerwehr-Fahrzeuge\">\r\n            <img decoding=\"async\" src=\"https:\/\/www.wenger-basel.ch\/wp-content\/uploads\/2023\/05\/Feuerwehrfahrzeug-6-800x533.jpg\" alt=\"Feuerwehr-Fahrzeuge\">\r\n          <\/a>\r\n        <\/figure>\r\n      <\/div><div class=\"thumbnail \">\r\n        <figure class=\"post-attachment mime-image-jpeg\">\r\n          <a href=\"https:\/\/www.wenger-basel.ch\/wp-content\/uploads\/2024\/04\/welab-innen-2-450x600.jpg\" class=\"galery_link\" data-fancybox=\"group_6490\" title=\"welab innen\">\r\n            <img decoding=\"async\" src=\"https:\/\/www.wenger-basel.ch\/wp-content\/uploads\/2024\/04\/welab-innen-2-450x600.jpg\" alt=\"welab innen\">\r\n          <\/a>\r\n        <\/figure>\r\n      <\/div><div class=\"thumbnail \">\r\n        <figure class=\"post-attachment mime-image-jpeg\">\r\n          <a href=\"https:\/\/www.wenger-basel.ch\/wp-content\/uploads\/2023\/05\/welab-6-800x533.jpg\" class=\"galery_link\" data-fancybox=\"group_6490\" title=\"Wechselaufbauten WELAB\">\r\n            <img decoding=\"async\" src=\"https:\/\/www.wenger-basel.ch\/wp-content\/uploads\/2023\/05\/welab-6-800x533.jpg\" alt=\"Wechselaufbauten WELAB\">\r\n          <\/a>\r\n        <\/figure>\r\n      <\/div><div class=\"thumbnail \">\r\n        <figure class=\"post-attachment mime-image-jpeg\">\r\n          <a href=\"https:\/\/www.wenger-basel.ch\/wp-content\/uploads\/2023\/05\/welab-12-800x533.jpg\" class=\"galery_link\" data-fancybox=\"group_6490\" title=\"Wechselaufbauten WELAB\">\r\n            <img decoding=\"async\" src=\"https:\/\/www.wenger-basel.ch\/wp-content\/uploads\/2023\/05\/welab-12-800x533.jpg\" alt=\"Wechselaufbauten WELAB\">\r\n          <\/a>\r\n        <\/figure>\r\n      <\/div><div class=\"thumbnail \">\r\n        <figure class=\"post-attachment mime-image-jpeg\">\r\n          <a href=\"https:\/\/www.wenger-basel.ch\/wp-content\/uploads\/2023\/05\/welab-11-800x533.jpg\" class=\"galery_link\" data-fancybox=\"group_6490\" title=\"Wechselaufbauten WELAB\">\r\n            <img decoding=\"async\" src=\"https:\/\/www.wenger-basel.ch\/wp-content\/uploads\/2023\/05\/welab-11-800x533.jpg\" alt=\"Wechselaufbauten WELAB\">\r\n          <\/a>\r\n        <\/figure>\r\n      <\/div><div class=\"thumbnail \">\r\n        <figure class=\"post-attachment mime-image-jpeg\">\r\n          <a href=\"https:\/\/www.wenger-basel.ch\/wp-content\/uploads\/2023\/05\/welab-10-800x533.jpg\" class=\"galery_link\" data-fancybox=\"group_6490\" title=\"Wechselaufbauten WELAB\">\r\n            <img decoding=\"async\" src=\"https:\/\/www.wenger-basel.ch\/wp-content\/uploads\/2023\/05\/welab-10-800x533.jpg\" alt=\"Wechselaufbauten WELAB\">\r\n          <\/a>\r\n        <\/figure>\r\n      <\/div><div class=\"thumbnail \">\r\n        <figure class=\"post-attachment mime-image-jpeg\">\r\n          <a href=\"https:\/\/www.wenger-basel.ch\/wp-content\/uploads\/2023\/05\/Welab-8-800x533.jpg\" class=\"galery_link\" data-fancybox=\"group_6490\" title=\"V\u00e9hicule entretenu par Wenger AG Basel, d\u00e9partement Fahrzeugbau\/Aufbauten\">\r\n            <img decoding=\"async\" src=\"https:\/\/www.wenger-basel.ch\/wp-content\/uploads\/2023\/05\/Welab-8-800x533.jpg\" alt=\"V\u00e9hicule entretenu par Wenger AG Basel, d\u00e9partement Fahrzeugbau\/Aufbauten\">\r\n          <\/a>\r\n        <\/figure>\r\n      <\/div><\/div><\/div>[\/vc_column_text][\/vc_column][\/vc_row]\n","protected":false},"excerpt":{"rendered":"<p>[vc_row type=&#8221;in_container&#8221; full_screen_row_position=&#8221;middle&#8221; column_margin=&#8221;default&#8221; column_direction=&#8221;default&#8221; column_direction_tablet=&#8221;default&#8221; column_direction_phone=&#8221;default&#8221; scene_position=&#8221;center&#8221; text_color=&#8221;dark&#8221; text_align=&#8221;left&#8221; row_border_radius=&#8221;none&#8221; row_border_radius_applies=&#8221;bg&#8221; overflow=&#8221;visible&#8221; overlay_strength=&#8221;0.3&#8243; gradient_direction=&#8221;left_to_right&#8221; shape_divider_position=&#8221;bottom&#8221; bg_image_animation=&#8221;none&#8221;][vc_column column_padding=&#8221;no-extra-padding&#8221; column_padding_tablet=&#8221;inherit&#8221; column_padding_phone=&#8221;inherit&#8221; column_padding_position=&#8221;all&#8221; column_element_direction_desktop=&#8221;default&#8221; column_element_spacing=&#8221;default&#8221; desktop_text_alignment=&#8221;default&#8221; tablet_text_alignment=&#8221;default&#8221; phone_text_alignment=&#8221;default&#8221; background_color_opacity=&#8221;1&#8243; background_hover_color_opacity=&#8221;1&#8243; column_backdrop_filter=&#8221;none&#8221; column_shadow=&#8221;none&#8221;&#8230;<\/p>\n","protected":false},"author":2,"featured_media":0,"parent":6511,"menu_order":0,"comment_status":"closed","ping_status":"closed","template":"","meta":{"_acf_changed":false,"footnotes":""},"categories":[],"tags":[],"class_list":["post-6490","page","type-page","status-publish"],"acf":[],"yoast_head":"<!-- This site is optimized with the Yoast SEO plugin v27.3 - https:\/\/yoast.com\/product\/yoast-seo-wordpress\/ -->\n<title>Caisses mobiles WELAB - Wenger Carrosserie\/Fahrzeugbau AG<\/title>\n<meta name=\"robots\" content=\"index, follow, max-snippet:-1, max-image-preview:large, max-video-preview:-1\" \/>\n<link rel=\"canonical\" href=\"https:\/\/www.wenger-basel.ch\/fr\/?page_id=6490\" \/>\n<meta property=\"og:locale\" content=\"fr_FR\" \/>\n<meta property=\"og:type\" content=\"article\" \/>\n<meta property=\"og:title\" content=\"Caisses mobiles WELAB - Wenger Carrosserie\/Fahrzeugbau AG\" \/>\n<meta property=\"og:description\" content=\"[vc_row type=&#8221;in_container&#8221; full_screen_row_position=&#8221;middle&#8221; column_margin=&#8221;default&#8221; column_direction=&#8221;default&#8221; column_direction_tablet=&#8221;default&#8221; column_direction_phone=&#8221;default&#8221; scene_position=&#8221;center&#8221; text_color=&#8221;dark&#8221; text_align=&#8221;left&#8221; row_border_radius=&#8221;none&#8221; row_border_radius_applies=&#8221;bg&#8221; overflow=&#8221;visible&#8221; overlay_strength=&#8221;0.3&#8243; gradient_direction=&#8221;left_to_right&#8221; shape_divider_position=&#8221;bottom&#8221; bg_image_animation=&#8221;none&#8221;][vc_column column_padding=&#8221;no-extra-padding&#8221; column_padding_tablet=&#8221;inherit&#8221; column_padding_phone=&#8221;inherit&#8221; column_padding_position=&#8221;all&#8221; column_element_direction_desktop=&#8221;default&#8221; column_element_spacing=&#8221;default&#8221; desktop_text_alignment=&#8221;default&#8221; tablet_text_alignment=&#8221;default&#8221; phone_text_alignment=&#8221;default&#8221; background_color_opacity=&#8221;1&#8243; background_hover_color_opacity=&#8221;1&#8243; column_backdrop_filter=&#8221;none&#8221; column_shadow=&#8221;none&#8221;...\" \/>\n<meta property=\"og:url\" content=\"https:\/\/www.wenger-basel.ch\/fr\/?page_id=6490\" \/>\n<meta property=\"og:site_name\" content=\"Wenger Carrosserie\/Fahrzeugbau AG\" \/>\n<meta property=\"article:publisher\" content=\"https:\/\/www.facebook.com\/WengerBasel\" \/>\n<meta property=\"article:modified_time\" content=\"2023-09-20T06:17:44+00:00\" \/>\n<meta property=\"og:image\" content=\"https:\/\/www.wenger-basel.ch\/wp-content\/uploads\/2023\/08\/wenger-basel-empfang.jpg\" \/>\n\t<meta property=\"og:image:width\" content=\"1200\" \/>\n\t<meta property=\"og:image:height\" content=\"790\" \/>\n\t<meta property=\"og:image:type\" content=\"image\/jpeg\" \/>\n<meta name=\"twitter:card\" content=\"summary_large_image\" \/>\n<meta name=\"twitter:label1\" content=\"Est. reading time\" \/>\n\t<meta name=\"twitter:data1\" content=\"3 minutes\" \/>\n<!-- \/ Yoast SEO plugin. -->","yoast_head_json":{"title":"Caisses mobiles WELAB - Wenger Carrosserie\/Fahrzeugbau AG","robots":{"index":"index","follow":"follow","max-snippet":"max-snippet:-1","max-image-preview":"max-image-preview:large","max-video-preview":"max-video-preview:-1"},"canonical":"https:\/\/www.wenger-basel.ch\/fr\/?page_id=6490","og_locale":"fr_FR","og_type":"article","og_title":"Caisses mobiles WELAB - Wenger Carrosserie\/Fahrzeugbau AG","og_description":"[vc_row type=&#8221;in_container&#8221; full_screen_row_position=&#8221;middle&#8221; column_margin=&#8221;default&#8221; column_direction=&#8221;default&#8221; column_direction_tablet=&#8221;default&#8221; column_direction_phone=&#8221;default&#8221; scene_position=&#8221;center&#8221; text_color=&#8221;dark&#8221; text_align=&#8221;left&#8221; row_border_radius=&#8221;none&#8221; row_border_radius_applies=&#8221;bg&#8221; overflow=&#8221;visible&#8221; overlay_strength=&#8221;0.3&#8243; gradient_direction=&#8221;left_to_right&#8221; shape_divider_position=&#8221;bottom&#8221; bg_image_animation=&#8221;none&#8221;][vc_column column_padding=&#8221;no-extra-padding&#8221; column_padding_tablet=&#8221;inherit&#8221; column_padding_phone=&#8221;inherit&#8221; column_padding_position=&#8221;all&#8221; column_element_direction_desktop=&#8221;default&#8221; column_element_spacing=&#8221;default&#8221; desktop_text_alignment=&#8221;default&#8221; tablet_text_alignment=&#8221;default&#8221; phone_text_alignment=&#8221;default&#8221; background_color_opacity=&#8221;1&#8243; background_hover_color_opacity=&#8221;1&#8243; column_backdrop_filter=&#8221;none&#8221; column_shadow=&#8221;none&#8221;...","og_url":"https:\/\/www.wenger-basel.ch\/fr\/?page_id=6490","og_site_name":"Wenger Carrosserie\/Fahrzeugbau AG","article_publisher":"https:\/\/www.facebook.com\/WengerBasel","article_modified_time":"2023-09-20T06:17:44+00:00","og_image":[{"width":1200,"height":790,"url":"https:\/\/www.wenger-basel.ch\/wp-content\/uploads\/2023\/08\/wenger-basel-empfang.jpg","type":"image\/jpeg"}],"twitter_card":"summary_large_image","twitter_misc":{"Est. reading time":"3 minutes"},"schema":{"@context":"https:\/\/schema.org","@graph":[{"@type":"WebPage","@id":"https:\/\/www.wenger-basel.ch\/fr\/?page_id=6490","url":"https:\/\/www.wenger-basel.ch\/fr\/?page_id=6490","name":"Caisses mobiles WELAB - Wenger Carrosserie\/Fahrzeugbau AG","isPartOf":{"@id":"https:\/\/www.wenger-basel.ch\/#website"},"datePublished":"2023-05-23T11:53:38+00:00","dateModified":"2023-09-20T06:17:44+00:00","breadcrumb":{"@id":"https:\/\/www.wenger-basel.ch\/fr\/?page_id=6490#breadcrumb"},"inLanguage":"fr-CH","potentialAction":[{"@type":"ReadAction","target":["https:\/\/www.wenger-basel.ch\/fr\/?page_id=6490"]}]},{"@type":"BreadcrumbList","@id":"https:\/\/www.wenger-basel.ch\/fr\/?page_id=6490#breadcrumb","itemListElement":[{"@type":"ListItem","position":1,"name":"Startseite","item":"https:\/\/www.wenger-basel.ch\/fr\/"},{"@type":"ListItem","position":2,"name":"Caisses mobiles WELAB"}]},{"@type":"WebSite","@id":"https:\/\/www.wenger-basel.ch\/#website","url":"https:\/\/www.wenger-basel.ch\/","name":"WENGER Carrosserie \/ Fahrzeugbau","description":"Best\u00e4ndige Qualit\u00e4t seit 1919","publisher":{"@id":"https:\/\/www.wenger-basel.ch\/#organization"},"potentialAction":[{"@type":"SearchAction","target":{"@type":"EntryPoint","urlTemplate":"https:\/\/www.wenger-basel.ch\/?s={search_term_string}"},"query-input":{"@type":"PropertyValueSpecification","valueRequired":true,"valueName":"search_term_string"}}],"inLanguage":"fr-CH"},{"@type":"Organization","@id":"https:\/\/www.wenger-basel.ch\/#organization","name":"WENGER Carrosserie \/ Fahrzeugbau","url":"https:\/\/www.wenger-basel.ch\/","logo":{"@type":"ImageObject","inLanguage":"fr-CH","@id":"https:\/\/www.wenger-basel.ch\/#\/schema\/logo\/image\/","url":"https:\/\/www.wenger-basel.ch\/wp-content\/uploads\/2023\/08\/wenger-logo-1919-large.png","contentUrl":"https:\/\/www.wenger-basel.ch\/wp-content\/uploads\/2023\/08\/wenger-logo-1919-large.png","width":696,"height":499,"caption":"WENGER Carrosserie \/ Fahrzeugbau"},"image":{"@id":"https:\/\/www.wenger-basel.ch\/#\/schema\/logo\/image\/"},"sameAs":["https:\/\/www.facebook.com\/WengerBasel"]}]}},"_links":{"self":[{"href":"https:\/\/www.wenger-basel.ch\/fr\/wp-json\/wp\/v2\/pages\/6490","targetHints":{"allow":["GET"]}}],"collection":[{"href":"https:\/\/www.wenger-basel.ch\/fr\/wp-json\/wp\/v2\/pages"}],"about":[{"href":"https:\/\/www.wenger-basel.ch\/fr\/wp-json\/wp\/v2\/types\/page"}],"author":[{"embeddable":true,"href":"https:\/\/www.wenger-basel.ch\/fr\/wp-json\/wp\/v2\/users\/2"}],"replies":[{"embeddable":true,"href":"https:\/\/www.wenger-basel.ch\/fr\/wp-json\/wp\/v2\/comments?post=6490"}],"version-history":[{"count":0,"href":"https:\/\/www.wenger-basel.ch\/fr\/wp-json\/wp\/v2\/pages\/6490\/revisions"}],"up":[{"embeddable":true,"href":"https:\/\/www.wenger-basel.ch\/fr\/wp-json\/wp\/v2\/pages\/6511"}],"wp:attachment":[{"href":"https:\/\/www.wenger-basel.ch\/fr\/wp-json\/wp\/v2\/media?parent=6490"}],"wp:term":[{"taxonomy":"category","embeddable":true,"href":"https:\/\/www.wenger-basel.ch\/fr\/wp-json\/wp\/v2\/categories?post=6490"},{"taxonomy":"post_tag","embeddable":true,"href":"https:\/\/www.wenger-basel.ch\/fr\/wp-json\/wp\/v2\/tags?post=6490"}],"curies":[{"name":"wp","href":"https:\/\/api.w.org\/{rel}","templated":true}]}}