{"id":8329,"date":"2023-05-10T14:18:25","date_gmt":"2023-05-10T12:18:25","guid":{"rendered":"https:\/\/www.wenger-basel.ch\/?page_id=8329"},"modified":"2024-07-19T14:44:13","modified_gmt":"2024-07-19T12:44:13","slug":"location-de-vehicules-leasing-flotte","status":"publish","type":"page","link":"https:\/\/www.wenger-basel.ch\/fr\/vous-etes\/secteur-prive\/location-de-vehicules-leasing-flotte\/","title":{"rendered":"Location de v\u00e9hicules \/ Leasing \/ Flotte"},"content":{"rendered":"[vc_row type=&#8221;in_container&#8221; full_screen_row_position=&#8221;middle&#8221; column_margin=&#8221;default&#8221; column_direction=&#8221;default&#8221; column_direction_tablet=&#8221;default&#8221; column_direction_phone=&#8221;default&#8221; scene_position=&#8221;center&#8221; text_color=&#8221;dark&#8221; text_align=&#8221;left&#8221; row_border_radius=&#8221;none&#8221; row_border_radius_applies=&#8221;bg&#8221; overflow=&#8221;visible&#8221; overlay_strength=&#8221;0.3&#8243; gradient_direction=&#8221;left_to_right&#8221; shape_divider_position=&#8221;bottom&#8221; bg_image_animation=&#8221;none&#8221;][vc_column column_padding=&#8221;no-extra-padding&#8221; column_padding_tablet=&#8221;inherit&#8221; column_padding_phone=&#8221;inherit&#8221; column_padding_position=&#8221;all&#8221; column_element_direction_desktop=&#8221;default&#8221; column_element_spacing=&#8221;default&#8221; desktop_text_alignment=&#8221;default&#8221; tablet_text_alignment=&#8221;default&#8221; phone_text_alignment=&#8221;default&#8221; background_color_opacity=&#8221;1&#8243; background_hover_color_opacity=&#8221;1&#8243; column_backdrop_filter=&#8221;none&#8221; column_shadow=&#8221;none&#8221; column_border_radius=&#8221;none&#8221; column_link_target=&#8221;_self&#8221; column_position=&#8221;default&#8221; gradient_direction=&#8221;left_to_right&#8221; overlay_strength=&#8221;0.3&#8243; width=&#8221;1\/1&#8243; tablet_width_inherit=&#8221;default&#8221; animation_type=&#8221;default&#8221; bg_image_animation=&#8221;none&#8221; border_type=&#8221;simple&#8221; column_border_width=&#8221;none&#8221; column_border_style=&#8221;solid&#8221;][vc_column_text]\n<h1>Location de v\u00e9hicules \/ Leasing \/ Flotte<\/h1>\n[\/vc_column_text][\/vc_column][\/vc_row][vc_row type=&#8221;in_container&#8221; full_screen_row_position=&#8221;middle&#8221; column_margin=&#8221;default&#8221; column_direction=&#8221;default&#8221; column_direction_tablet=&#8221;default&#8221; column_direction_phone=&#8221;default&#8221; scene_position=&#8221;center&#8221; text_color=&#8221;dark&#8221; text_align=&#8221;left&#8221; row_border_radius=&#8221;none&#8221; row_border_radius_applies=&#8221;bg&#8221; overflow=&#8221;visible&#8221; overlay_strength=&#8221;0.3&#8243; gradient_direction=&#8221;left_to_right&#8221; shape_divider_position=&#8221;bottom&#8221; bg_image_animation=&#8221;none&#8221;][vc_column column_padding=&#8221;no-extra-padding&#8221; column_padding_tablet=&#8221;inherit&#8221; column_padding_phone=&#8221;inherit&#8221; column_padding_position=&#8221;all&#8221; column_element_direction_desktop=&#8221;default&#8221; column_element_spacing=&#8221;default&#8221; desktop_text_alignment=&#8221;default&#8221; tablet_text_alignment=&#8221;default&#8221; phone_text_alignment=&#8221;default&#8221; background_color_opacity=&#8221;1&#8243; background_hover_color_opacity=&#8221;1&#8243; column_backdrop_filter=&#8221;none&#8221; column_shadow=&#8221;none&#8221; column_border_radius=&#8221;none&#8221; column_link_target=&#8221;_self&#8221; column_position=&#8221;default&#8221; gradient_direction=&#8221;left_to_right&#8221; overlay_strength=&#8221;0.3&#8243; width=&#8221;2\/3&#8243; tablet_width_inherit=&#8221;default&#8221; animation_type=&#8221;default&#8221; bg_image_animation=&#8221;none&#8221; border_type=&#8221;simple&#8221; column_border_width=&#8221;none&#8221; column_border_style=&#8221;solid&#8221;][vc_column_text]Dans le cadre d&#8217;une collaboration avec nous, nous poursuivons un objectif simple :<br \/>\n<strong>Le client final doit \u00eatre enti\u00e8rement satisfait de notre service et de nos produits pendant toute la dur\u00e9e de celui-ci, afin que cela se r\u00e9percute positivement sur votre relation.<\/strong><\/p>\n<p>Si vous nous confiez des travaux de carrosserie et de peinture en tant qu&#8217;entreprise partenaire, c&#8217;est toujours une <strong>incitation pour nous \u00e0 avoir 0 r\u00e9clamation et 100 % de satisfaction.<\/strong><\/p>\n<p>Lorsque vous nous confiez la fabrication de superstructures ou d&#8217;extensions de v\u00e9hicules utilitaires de haute qualit\u00e9 en tant qu&#8217;entreprise partenaire, <strong>vous pouvez compter sur plus de 100 ans d&#8217;exp\u00e9rience et de d\u00e9veloppement. <\/strong>Nous avons mis en place des <strong>processus clairs, r\u00e9fl\u00e9chis, affin\u00e9s et test\u00e9s \u00e0 plusieurs reprises<\/strong> afin de vous offrir la meilleure exp\u00e9rience possible. Consultez nos <strong>\u00e9valuations Google<\/strong> \u00e0 ce sujet !<\/p>\n<p>Un partenariat avec nous vous offre une<strong> garantie de qualit\u00e9<\/strong>, non seulement gr\u00e2ce \u00e0 notre <strong>adh\u00e9sion \u00e0 diff\u00e9rents r\u00e9seaux tels que Carrosserie Suisse, Eurogarant et Repanet<\/strong>, mais aussi gr\u00e2ce \u00e0 :<\/p>\n<ul>\n<li>nos <strong>processus internes stables et \u00e9prouv\u00e9s<\/strong> (certifi\u00e9s ISO, entre autres)<\/li>\n<li>la <strong>qualit\u00e9 du travail de nos collaborateurs exp\u00e9riment\u00e9s<\/strong> et de longue date<\/li>\n<li>notre <strong>disponibilit\u00e9 et notre flexibilit\u00e9<\/strong> ainsi que notre volont\u00e9 de fournir des services.<\/li>\n<\/ul>\n<p>Pour nous, une r\u00e9paration d&#8217;accident de qualit\u00e9 va de soi :<\/p>\n<ul>\n<li>La remise de <strong>v\u00e9hicules de remplacement modernes et bien entretenus de diff\u00e9rentes marques et tailles<\/strong> pour la dur\u00e9e de la r\u00e9paration.*<\/li>\n<li>Le service, par exemple avec notre <strong>service d&#8217;enl\u00e8vement et de livraison<\/strong>.<\/li>\n<li>Le <strong>nettoyage en bonne et due forme de l&#8217;int\u00e9rieur et de l&#8217;ext\u00e9rieur<\/strong> du v\u00e9hicule<\/li>\n<\/ul>\n[\/vc_column_text][\/vc_column][vc_column column_padding=&#8221;no-extra-padding&#8221; column_padding_tablet=&#8221;inherit&#8221; column_padding_phone=&#8221;inherit&#8221; column_padding_position=&#8221;all&#8221; column_element_direction_desktop=&#8221;default&#8221; column_element_spacing=&#8221;default&#8221; desktop_text_alignment=&#8221;default&#8221; tablet_text_alignment=&#8221;default&#8221; phone_text_alignment=&#8221;default&#8221; background_color_opacity=&#8221;1&#8243; background_hover_color_opacity=&#8221;1&#8243; column_backdrop_filter=&#8221;none&#8221; column_shadow=&#8221;none&#8221; column_border_radius=&#8221;none&#8221; column_link_target=&#8221;_self&#8221; column_position=&#8221;default&#8221; gradient_direction=&#8221;left_to_right&#8221; overlay_strength=&#8221;0.3&#8243; width=&#8221;1\/3&#8243; tablet_width_inherit=&#8221;default&#8221; animation_type=&#8221;default&#8221; bg_image_animation=&#8221;none&#8221; border_type=&#8221;simple&#8221; column_border_width=&#8221;none&#8221; column_border_style=&#8221;solid&#8221;][image_with_animation image_url=&#8221;2366&#8243; image_size=&#8221;full&#8221; animation_type=&#8221;entrance&#8221; animation=&#8221;None&#8221; animation_movement_type=&#8221;transform_y&#8221; hover_animation=&#8221;none&#8221; alignment=&#8221;&#8221; border_radius=&#8221;3px&#8221; box_shadow=&#8221;small_depth&#8221; image_loading=&#8221;default&#8221; max_width=&#8221;100%&#8221; max_width_mobile=&#8221;default&#8221;][image_with_animation image_url=&#8221;2399&#8243; image_size=&#8221;full&#8221; animation_type=&#8221;entrance&#8221; animation=&#8221;None&#8221; animation_movement_type=&#8221;transform_y&#8221; hover_animation=&#8221;none&#8221; alignment=&#8221;&#8221; border_radius=&#8221;3px&#8221; box_shadow=&#8221;small_depth&#8221; image_loading=&#8221;default&#8221; max_width=&#8221;100%&#8221; max_width_mobile=&#8221;default&#8221;][\/vc_column][\/vc_row][vc_row type=&#8221;in_container&#8221; full_screen_row_position=&#8221;middle&#8221; column_margin=&#8221;default&#8221; column_direction=&#8221;default&#8221; column_direction_tablet=&#8221;default&#8221; column_direction_phone=&#8221;default&#8221; scene_position=&#8221;center&#8221; text_color=&#8221;dark&#8221; text_align=&#8221;left&#8221; row_border_radius=&#8221;none&#8221; row_border_radius_applies=&#8221;bg&#8221; overflow=&#8221;visible&#8221; overlay_strength=&#8221;0.3&#8243; gradient_direction=&#8221;left_to_right&#8221; shape_divider_position=&#8221;bottom&#8221; bg_image_animation=&#8221;none&#8221;][vc_column column_padding=&#8221;no-extra-padding&#8221; column_padding_tablet=&#8221;inherit&#8221; column_padding_phone=&#8221;inherit&#8221; column_padding_position=&#8221;all&#8221; column_element_direction_desktop=&#8221;default&#8221; column_element_spacing=&#8221;default&#8221; desktop_text_alignment=&#8221;default&#8221; tablet_text_alignment=&#8221;default&#8221; phone_text_alignment=&#8221;default&#8221; background_color_opacity=&#8221;1&#8243; background_hover_color_opacity=&#8221;1&#8243; column_backdrop_filter=&#8221;none&#8221; column_shadow=&#8221;none&#8221; column_border_radius=&#8221;none&#8221; column_link_target=&#8221;_self&#8221; column_position=&#8221;default&#8221; gradient_direction=&#8221;left_to_right&#8221; overlay_strength=&#8221;0.3&#8243; width=&#8221;1\/1&#8243; tablet_width_inherit=&#8221;default&#8221; animation_type=&#8221;default&#8221; bg_image_animation=&#8221;none&#8221; border_type=&#8221;simple&#8221; column_border_width=&#8221;none&#8221; column_border_style=&#8221;solid&#8221;][nectar_global_section id=&#8221;3564&#8243;][\/vc_column][\/vc_row][vc_row type=&#8221;in_container&#8221; full_screen_row_position=&#8221;middle&#8221; column_margin=&#8221;default&#8221; column_direction=&#8221;default&#8221; column_direction_tablet=&#8221;default&#8221; column_direction_phone=&#8221;default&#8221; scene_position=&#8221;center&#8221; text_color=&#8221;dark&#8221; text_align=&#8221;left&#8221; row_border_radius=&#8221;none&#8221; row_border_radius_applies=&#8221;bg&#8221; overflow=&#8221;visible&#8221; overlay_strength=&#8221;0.3&#8243; gradient_direction=&#8221;left_to_right&#8221; shape_divider_position=&#8221;bottom&#8221; bg_image_animation=&#8221;none&#8221;][vc_column column_padding=&#8221;no-extra-padding&#8221; column_padding_tablet=&#8221;inherit&#8221; column_padding_phone=&#8221;inherit&#8221; column_padding_position=&#8221;all&#8221; column_element_direction_desktop=&#8221;default&#8221; column_element_spacing=&#8221;default&#8221; desktop_text_alignment=&#8221;default&#8221; tablet_text_alignment=&#8221;default&#8221; phone_text_alignment=&#8221;default&#8221; background_color_opacity=&#8221;1&#8243; background_hover_color_opacity=&#8221;1&#8243; column_backdrop_filter=&#8221;none&#8221; column_shadow=&#8221;none&#8221; column_border_radius=&#8221;none&#8221; column_link_target=&#8221;_self&#8221; column_position=&#8221;default&#8221; gradient_direction=&#8221;left_to_right&#8221; overlay_strength=&#8221;0.3&#8243; width=&#8221;1\/1&#8243; tablet_width_inherit=&#8221;default&#8221; animation_type=&#8221;default&#8221; bg_image_animation=&#8221;none&#8221; border_type=&#8221;simple&#8221; column_border_width=&#8221;none&#8221; column_border_style=&#8221;solid&#8221;][nectar_global_section id=&#8221;3542&#8243;][\/vc_column][\/vc_row]\n","protected":false},"excerpt":{"rendered":"<p>[vc_row type=&#8221;in_container&#8221; full_screen_row_position=&#8221;middle&#8221; column_margin=&#8221;default&#8221; column_direction=&#8221;default&#8221; column_direction_tablet=&#8221;default&#8221; column_direction_phone=&#8221;default&#8221; scene_position=&#8221;center&#8221; text_color=&#8221;dark&#8221; text_align=&#8221;left&#8221; row_border_radius=&#8221;none&#8221; row_border_radius_applies=&#8221;bg&#8221; overflow=&#8221;visible&#8221; overlay_strength=&#8221;0.3&#8243; gradient_direction=&#8221;left_to_right&#8221; shape_divider_position=&#8221;bottom&#8221; bg_image_animation=&#8221;none&#8221;][vc_column column_padding=&#8221;no-extra-padding&#8221; column_padding_tablet=&#8221;inherit&#8221; column_padding_phone=&#8221;inherit&#8221; column_padding_position=&#8221;all&#8221; column_element_direction_desktop=&#8221;default&#8221; column_element_spacing=&#8221;default&#8221; desktop_text_alignment=&#8221;default&#8221; tablet_text_alignment=&#8221;default&#8221; phone_text_alignment=&#8221;default&#8221; background_color_opacity=&#8221;1&#8243; background_hover_color_opacity=&#8221;1&#8243; column_backdrop_filter=&#8221;none&#8221; column_shadow=&#8221;none&#8221;&#8230;<\/p>\n","protected":false},"author":6,"featured_media":0,"parent":6531,"menu_order":0,"comment_status":"closed","ping_status":"closed","template":"","meta":{"_acf_changed":false,"footnotes":""},"categories":[],"tags":[],"class_list":["post-8329","page","type-page","status-publish"],"acf":[],"yoast_head":"<!-- This site is optimized with the Yoast SEO plugin v27.3 - https:\/\/yoast.com\/product\/yoast-seo-wordpress\/ -->\n<title>Carrossier pour v\u00e9hicules de flotte \/ leasing<\/title>\n<meta name=\"robots\" content=\"index, follow, max-snippet:-1, max-image-preview:large, max-video-preview:-1\" \/>\n<link rel=\"canonical\" href=\"https:\/\/www.wenger-basel.ch\/fr\/vous-etes\/secteur-prive\/location-de-vehicules-leasing-flotte\/\" \/>\n<meta property=\"og:locale\" content=\"fr_FR\" \/>\n<meta property=\"og:type\" content=\"article\" \/>\n<meta property=\"og:title\" content=\"Carrossier pour v\u00e9hicules de flotte \/ leasing\" \/>\n<meta property=\"og:description\" content=\"[vc_row type=&#8221;in_container&#8221; full_screen_row_position=&#8221;middle&#8221; column_margin=&#8221;default&#8221; column_direction=&#8221;default&#8221; column_direction_tablet=&#8221;default&#8221; column_direction_phone=&#8221;default&#8221; scene_position=&#8221;center&#8221; text_color=&#8221;dark&#8221; text_align=&#8221;left&#8221; row_border_radius=&#8221;none&#8221; row_border_radius_applies=&#8221;bg&#8221; overflow=&#8221;visible&#8221; overlay_strength=&#8221;0.3&#8243; gradient_direction=&#8221;left_to_right&#8221; shape_divider_position=&#8221;bottom&#8221; bg_image_animation=&#8221;none&#8221;][vc_column column_padding=&#8221;no-extra-padding&#8221; column_padding_tablet=&#8221;inherit&#8221; column_padding_phone=&#8221;inherit&#8221; column_padding_position=&#8221;all&#8221; column_element_direction_desktop=&#8221;default&#8221; column_element_spacing=&#8221;default&#8221; desktop_text_alignment=&#8221;default&#8221; tablet_text_alignment=&#8221;default&#8221; phone_text_alignment=&#8221;default&#8221; background_color_opacity=&#8221;1&#8243; background_hover_color_opacity=&#8221;1&#8243; column_backdrop_filter=&#8221;none&#8221; column_shadow=&#8221;none&#8221;...\" \/>\n<meta property=\"og:url\" content=\"https:\/\/www.wenger-basel.ch\/fr\/vous-etes\/secteur-prive\/location-de-vehicules-leasing-flotte\/\" \/>\n<meta property=\"og:site_name\" content=\"Wenger Carrosserie\/Fahrzeugbau AG\" \/>\n<meta property=\"article:publisher\" content=\"https:\/\/www.facebook.com\/WengerBasel\" \/>\n<meta property=\"article:modified_time\" content=\"2024-07-19T12:44:13+00:00\" \/>\n<meta property=\"og:image\" content=\"https:\/\/www.wenger-basel.ch\/wp-content\/uploads\/2023\/08\/wenger-basel-empfang.jpg\" \/>\n\t<meta property=\"og:image:width\" content=\"1200\" \/>\n\t<meta property=\"og:image:height\" content=\"790\" \/>\n\t<meta property=\"og:image:type\" content=\"image\/jpeg\" \/>\n<meta name=\"twitter:card\" content=\"summary_large_image\" \/>\n<meta name=\"twitter:label1\" content=\"Est. reading time\" \/>\n\t<meta name=\"twitter:data1\" content=\"3 minutes\" \/>\n<!-- \/ Yoast SEO plugin. -->","yoast_head_json":{"title":"Carrossier pour v\u00e9hicules de flotte \/ leasing","robots":{"index":"index","follow":"follow","max-snippet":"max-snippet:-1","max-image-preview":"max-image-preview:large","max-video-preview":"max-video-preview:-1"},"canonical":"https:\/\/www.wenger-basel.ch\/fr\/vous-etes\/secteur-prive\/location-de-vehicules-leasing-flotte\/","og_locale":"fr_FR","og_type":"article","og_title":"Carrossier pour v\u00e9hicules de flotte \/ leasing","og_description":"[vc_row type=&#8221;in_container&#8221; full_screen_row_position=&#8221;middle&#8221; column_margin=&#8221;default&#8221; column_direction=&#8221;default&#8221; column_direction_tablet=&#8221;default&#8221; column_direction_phone=&#8221;default&#8221; scene_position=&#8221;center&#8221; text_color=&#8221;dark&#8221; text_align=&#8221;left&#8221; row_border_radius=&#8221;none&#8221; row_border_radius_applies=&#8221;bg&#8221; overflow=&#8221;visible&#8221; overlay_strength=&#8221;0.3&#8243; gradient_direction=&#8221;left_to_right&#8221; shape_divider_position=&#8221;bottom&#8221; bg_image_animation=&#8221;none&#8221;][vc_column column_padding=&#8221;no-extra-padding&#8221; column_padding_tablet=&#8221;inherit&#8221; column_padding_phone=&#8221;inherit&#8221; column_padding_position=&#8221;all&#8221; column_element_direction_desktop=&#8221;default&#8221; column_element_spacing=&#8221;default&#8221; desktop_text_alignment=&#8221;default&#8221; tablet_text_alignment=&#8221;default&#8221; phone_text_alignment=&#8221;default&#8221; background_color_opacity=&#8221;1&#8243; background_hover_color_opacity=&#8221;1&#8243; column_backdrop_filter=&#8221;none&#8221; column_shadow=&#8221;none&#8221;...","og_url":"https:\/\/www.wenger-basel.ch\/fr\/vous-etes\/secteur-prive\/location-de-vehicules-leasing-flotte\/","og_site_name":"Wenger Carrosserie\/Fahrzeugbau AG","article_publisher":"https:\/\/www.facebook.com\/WengerBasel","article_modified_time":"2024-07-19T12:44:13+00:00","og_image":[{"width":1200,"height":790,"url":"https:\/\/www.wenger-basel.ch\/wp-content\/uploads\/2023\/08\/wenger-basel-empfang.jpg","type":"image\/jpeg"}],"twitter_card":"summary_large_image","twitter_misc":{"Est. reading time":"3 minutes"},"schema":{"@context":"https:\/\/schema.org","@graph":[{"@type":"WebPage","@id":"https:\/\/www.wenger-basel.ch\/fr\/vous-etes\/secteur-prive\/location-de-vehicules-leasing-flotte\/","url":"https:\/\/www.wenger-basel.ch\/fr\/vous-etes\/secteur-prive\/location-de-vehicules-leasing-flotte\/","name":"Carrossier pour v\u00e9hicules de flotte \/ leasing","isPartOf":{"@id":"https:\/\/www.wenger-basel.ch\/#website"},"datePublished":"2023-05-10T12:18:25+00:00","dateModified":"2024-07-19T12:44:13+00:00","breadcrumb":{"@id":"https:\/\/www.wenger-basel.ch\/fr\/vous-etes\/secteur-prive\/location-de-vehicules-leasing-flotte\/#breadcrumb"},"inLanguage":"fr-CH","potentialAction":[{"@type":"ReadAction","target":["https:\/\/www.wenger-basel.ch\/fr\/vous-etes\/secteur-prive\/location-de-vehicules-leasing-flotte\/"]}]},{"@type":"BreadcrumbList","@id":"https:\/\/www.wenger-basel.ch\/fr\/vous-etes\/secteur-prive\/location-de-vehicules-leasing-flotte\/#breadcrumb","itemListElement":[{"@type":"ListItem","position":1,"name":"Startseite","item":"https:\/\/www.wenger-basel.ch\/fr\/"},{"@type":"ListItem","position":2,"name":"Vous \u00eates&#8230;","item":"https:\/\/www.wenger-basel.ch\/fr\/vous-etes\/"},{"@type":"ListItem","position":3,"name":"Secteur priv\u00e9","item":"https:\/\/www.wenger-basel.ch\/fr\/vous-etes\/secteur-prive\/"},{"@type":"ListItem","position":4,"name":"Location de v\u00e9hicules \/ Leasing \/ Flotte"}]},{"@type":"WebSite","@id":"https:\/\/www.wenger-basel.ch\/#website","url":"https:\/\/www.wenger-basel.ch\/","name":"WENGER Carrosserie \/ Fahrzeugbau","description":"Best\u00e4ndige Qualit\u00e4t seit 1919","publisher":{"@id":"https:\/\/www.wenger-basel.ch\/#organization"},"potentialAction":[{"@type":"SearchAction","target":{"@type":"EntryPoint","urlTemplate":"https:\/\/www.wenger-basel.ch\/?s={search_term_string}"},"query-input":{"@type":"PropertyValueSpecification","valueRequired":true,"valueName":"search_term_string"}}],"inLanguage":"fr-CH"},{"@type":"Organization","@id":"https:\/\/www.wenger-basel.ch\/#organization","name":"WENGER Carrosserie \/ Fahrzeugbau","url":"https:\/\/www.wenger-basel.ch\/","logo":{"@type":"ImageObject","inLanguage":"fr-CH","@id":"https:\/\/www.wenger-basel.ch\/#\/schema\/logo\/image\/","url":"https:\/\/www.wenger-basel.ch\/wp-content\/uploads\/2023\/08\/wenger-logo-1919-large.png","contentUrl":"https:\/\/www.wenger-basel.ch\/wp-content\/uploads\/2023\/08\/wenger-logo-1919-large.png","width":696,"height":499,"caption":"WENGER Carrosserie \/ Fahrzeugbau"},"image":{"@id":"https:\/\/www.wenger-basel.ch\/#\/schema\/logo\/image\/"},"sameAs":["https:\/\/www.facebook.com\/WengerBasel"]}]}},"_links":{"self":[{"href":"https:\/\/www.wenger-basel.ch\/fr\/wp-json\/wp\/v2\/pages\/8329","targetHints":{"allow":["GET"]}}],"collection":[{"href":"https:\/\/www.wenger-basel.ch\/fr\/wp-json\/wp\/v2\/pages"}],"about":[{"href":"https:\/\/www.wenger-basel.ch\/fr\/wp-json\/wp\/v2\/types\/page"}],"author":[{"embeddable":true,"href":"https:\/\/www.wenger-basel.ch\/fr\/wp-json\/wp\/v2\/users\/6"}],"replies":[{"embeddable":true,"href":"https:\/\/www.wenger-basel.ch\/fr\/wp-json\/wp\/v2\/comments?post=8329"}],"version-history":[{"count":0,"href":"https:\/\/www.wenger-basel.ch\/fr\/wp-json\/wp\/v2\/pages\/8329\/revisions"}],"up":[{"embeddable":true,"href":"https:\/\/www.wenger-basel.ch\/fr\/wp-json\/wp\/v2\/pages\/6531"}],"wp:attachment":[{"href":"https:\/\/www.wenger-basel.ch\/fr\/wp-json\/wp\/v2\/media?parent=8329"}],"wp:term":[{"taxonomy":"category","embeddable":true,"href":"https:\/\/www.wenger-basel.ch\/fr\/wp-json\/wp\/v2\/categories?post=8329"},{"taxonomy":"post_tag","embeddable":true,"href":"https:\/\/www.wenger-basel.ch\/fr\/wp-json\/wp\/v2\/tags?post=8329"}],"curies":[{"name":"wp","href":"https:\/\/api.w.org\/{rel}","templated":true}]}}